{"id":1601,"date":"2021-01-19T12:35:04","date_gmt":"2021-01-19T12:35:04","guid":{"rendered":"https:\/\/declix.io\/blog\/?page_id=1601"},"modified":"2021-01-19T12:35:04","modified_gmt":"2021-01-19T12:35:04","slug":"ueber-uns-kundenerlebnis","status":"publish","type":"page","link":"https:\/\/declix.io\/blog\/ueber-uns-kundenerlebnis","title":{"rendered":"\u00dcber uns"},"content":{"rendered":"<h2>Das Produkt<\/h2>\n<p>Declix wurde aus der digitalen Kluft geboren. Wir m\u00f6chten, dass jeder digital unabh\u00e4ngig ist.<\/p>\n<p>Wir glauben, dass jedes Unternehmen, das eine Website hat, in der Lage sein sollte, mit seinen Kunden zu kommunizieren. Mit Declix k\u00f6nnen Sie Ihrem Kunden schnell helfen, wo er es ben\u00f6tigt, und Ihnen Zeit sparen, w\u00e4hrend Sie den Verkauf erleichtern.<\/p>\n<p>So haben wir Declix entwickelt. Eine Online-Kundenerlebnis-App. Mit Declix k\u00f6nnen Besucher Ihrer Website einen Assistenten in Echtzeit \u00fcber Chat, Video und Bildschirmfreigabe kontaktieren.<\/p>\n<p>Unser Ziel ist es, die Online-Kommunikation zu revolutionieren. Dans Kundenerlebnis muss jeder Website eigen sein. Wir m\u00f6chten reaktionsschnellen After-Sales in produktiven Kundenservice verwandeln.<\/p>\n<p>Wir empfehlenIhnen dringend, unsere Plattform kostenlos zu testen, indem Sie <a href=\"https:\/\/www.declix.io\/get_support.php\">hier klicken<\/a>.<\/p>\n<p>Entdecken Sie unseren <a href=\"https:\/\/declix.io\/blog\/de\/\">Blog<\/a> sowie unsere zahlreichen Artikel, um Online-Verhaltensmuster besser zu verstehen.<\/p>\n<h3><span style=\"color: #78be1f;\">Das Declix-Team<\/span><\/h3>\n<p><span style=\"color: #78be1f;\"><img decoding=\"async\" class=\"alignnone wp-image-956 size-thumbnail\" title=\"Lorraine Martin-Du Pan\" src=\"https:\/\/blog.fixilver.com\/wp-content\/uploads\/2020\/06\/Lol-148x150.png\" alt=\"Lorraine Martin-Du Pan\" width=\"148\" height=\"150\" srcset=\"https:\/\/declix.io\/blog\/wp-content\/uploads\/2020\/06\/Lol-148x150.png 148w, https:\/\/declix.io\/blog\/wp-content\/uploads\/2020\/06\/Lol-18x18.png 18w\" sizes=\"(max-width: 148px) 100vw, 148px\" \/><\/span><\/p>\n<p><strong><span style=\"color: #78be1f;\">Lorraine Martin-Du Pan<\/span><\/strong>, <strong>CEO<\/strong> ist ein Unternehmer mit Leidenschaft f\u00fcr Technologie und Kommunikation. Nach 10 Jahren in den Medien bei Eurovision und RTS gr\u00fcndete sie <a href=\"https:\/\/boutiquefilm.com\">Boutique Film<\/a>, ein Alpines Unternehmen f\u00fcr digitale Medien. Vielseitig, mehrsprachig, fleissig, verwaltet sie alle Aspekte des Unternehmens: die Beziehung zu Stationen, Kunden und Technologie. Lorraine baute das Unternehmen mit minimaler finanzieller Unterst\u00fctzung auf, w\u00e4hrend sie 3 Kinder grosszog.<\/p>\n<p>&nbsp;<\/p>\n<p><img decoding=\"async\" class=\"alignnone size-thumbnail wp-image-958\" src=\"https:\/\/blog.fixilver.com\/wp-content\/uploads\/2020\/06\/MP-148x150.png\" alt=\"Martin Palotai\" width=\"148\" height=\"150\" srcset=\"https:\/\/declix.io\/blog\/wp-content\/uploads\/2020\/06\/MP-148x150.png 148w, https:\/\/declix.io\/blog\/wp-content\/uploads\/2020\/06\/MP-18x18.png 18w\" sizes=\"(max-width: 148px) 100vw, 148px\" \/><\/p>\n<p><strong><span style=\"color: #78be1f;\">Martin Palotai<\/span><\/strong>, <strong>COO<\/strong>,<span lang=\"de\">Compliance- und Regulierungsfachmann mit fast 15 Jahren Erfahrung in regulierten Handelsplattformen bei Thomson Reuters und im gr\u00f6\u00dften regulierten Hedgefonds der Schweiz, Jabre Capital. Martin ist au\u00dferdem Mitglied des Board of Directors und verantwortlich f\u00fcr Finanzen und technische Abl\u00e4ufe bei Boutique Film SARL und Declix.<\/span><\/p>\n<p><img decoding=\"async\" class=\"alignnone size-thumbnail wp-image-959\" src=\"https:\/\/blog.fixilver.com\/wp-content\/uploads\/2020\/06\/ed-150x150.png\" alt=\"Edward Martin-Du Pan\" width=\"150\" height=\"150\" srcset=\"https:\/\/declix.io\/blog\/wp-content\/uploads\/2020\/06\/ed-150x150.png 150w, https:\/\/declix.io\/blog\/wp-content\/uploads\/2020\/06\/ed-18x18.png 18w\" sizes=\"(max-width: 150px) 100vw, 150px\" \/><\/p>\n<p><strong><span style=\"color: #78be1f;\">Edward Martin-Du Pan<\/span><\/strong>, <strong>Rechtsberater<\/strong>,\u00a0<span lang=\"de\">schloss sein Jurastudium 2005 ab und wurde 2007 als Rechtsanwalt als Rechtsanwalt in Genf zugelassen. Edward wurde 2012 zum Partner der Anwaltskanzlei Bruderlein Berthoud Martin-Du Pan &amp; Dubois Ferri\u00e8re ernannt.<\/span><\/p>\n","protected":false},"excerpt":{"rendered":"<p>Das Produkt Declix wurde aus der digitalen Kluft geboren. Wir m\u00f6chten, dass jeder digital unabh\u00e4ngig ist. Wir glauben, dass jedes Unternehmen, das eine Website hat, in der Lage sein sollte, mit seinen Kunden zu kommunizieren. Mit Declix k\u00f6nnen Sie Ihrem Kunden schnell helfen, wo er es ben\u00f6tigt, und Ihnen Zeit sparen, w\u00e4hrend Sie den Verkauf erleichtern. So haben wir Declix entwickelt. Eine Online-Kundenerlebnis-App. Mit Declix k\u00f6nnen Besucher Ihrer Website einen Assistenten in Echtzeit \u00fcber Chat, Video und Bildschirmfreigabe kontaktieren. Unser Ziel ist es, die Online-Kommunikation zu revolutionieren. Dans Kundenerlebnis muss jeder Website eigen sein. Wir m\u00f6chten reaktionsschnellen After-Sales in produktiven [&hellip;]<\/p>\n","protected":false},"author":3,"featured_media":971,"parent":0,"menu_order":0,"comment_status":"closed","ping_status":"closed","template":"","meta":{"footnotes":""},"class_list":["post-1601","page","type-page","status-publish","has-post-thumbnail","hentry"],"yoast_head":"<!-- This site is optimized with the Yoast SEO plugin v27.1.1 - https:\/\/yoast.com\/product\/yoast-seo-wordpress\/ -->\n<title>\u00dcber uns | Optimiertes Kundenerlebnis | Declix .io<\/title>\n<meta name=\"description\" content=\"Declix ist die schnellste und authentischste L\u00f6sung f\u00fcr die Kommunikation mit Besuchern seiner Website, um das Kundenerlebnis zu verbessern.\" \/>\n<meta name=\"robots\" content=\"index, follow, max-snippet:-1, max-image-preview:large, max-video-preview:-1\" \/>\n<link rel=\"canonical\" href=\"https:\/\/declix.io\/blog\/ueber-uns-kundenerlebnis\" \/>\n<meta property=\"og:locale\" content=\"en_GB\" \/>\n<meta property=\"og:type\" content=\"article\" \/>\n<meta property=\"og:title\" content=\"\u00dcber uns | Optimiertes Kundenerlebnis | Declix .io\" \/>\n<meta property=\"og:description\" content=\"Declix ist die schnellste und authentischste L\u00f6sung f\u00fcr die Kommunikation mit Besuchern seiner Website, um das Kundenerlebnis zu verbessern.\" \/>\n<meta property=\"og:url\" content=\"https:\/\/declix.io\/blog\/ueber-uns-kundenerlebnis\" \/>\n<meta property=\"og:site_name\" content=\"Declix\" \/>\n<meta property=\"article:publisher\" content=\"https:\/\/www.facebook.com\/Declix.ch\/\" \/>\n<meta property=\"og:image\" content=\"https:\/\/declix.io\/blog\/wp-content\/uploads\/2020\/06\/helpdesk_fr_light.jpg\" \/>\n\t<meta property=\"og:image:width\" content=\"1766\" \/>\n\t<meta property=\"og:image:height\" content=\"1179\" \/>\n\t<meta property=\"og:image:type\" content=\"image\/jpeg\" \/>\n<meta name=\"twitter:card\" content=\"summary_large_image\" \/>\n<meta name=\"twitter:site\" content=\"@declix_CH\" \/>\n<meta name=\"twitter:label1\" content=\"Estimated reading time\" \/>\n\t<meta name=\"twitter:data1\" content=\"2 minutes\" \/>\n<script type=\"application\/ld+json\" class=\"yoast-schema-graph\">{\"@context\":\"https:\/\/schema.org\",\"@graph\":[{\"@type\":\"WebPage\",\"@id\":\"https:\/\/declix.io\/blog\/ueber-uns-kundenerlebnis\",\"url\":\"https:\/\/declix.io\/blog\/ueber-uns-kundenerlebnis\",\"name\":\"\u00dcber uns | Optimiertes Kundenerlebnis | Declix .io\",\"isPartOf\":{\"@id\":\"https:\/\/declix.io\/blog\/#website\"},\"primaryImageOfPage\":{\"@id\":\"https:\/\/declix.io\/blog\/ueber-uns-kundenerlebnis#primaryimage\"},\"image\":{\"@id\":\"https:\/\/declix.io\/blog\/ueber-uns-kundenerlebnis#primaryimage\"},\"thumbnailUrl\":\"https:\/\/declix.io\/blog\/wp-content\/uploads\/2020\/06\/helpdesk_fr_light.jpg\",\"datePublished\":\"2021-01-19T12:35:04+00:00\",\"description\":\"Declix ist die schnellste und authentischste L\u00f6sung f\u00fcr die Kommunikation mit Besuchern seiner Website, um das Kundenerlebnis zu verbessern.\",\"breadcrumb\":{\"@id\":\"https:\/\/declix.io\/blog\/ueber-uns-kundenerlebnis#breadcrumb\"},\"inLanguage\":\"en-GB\",\"potentialAction\":[{\"@type\":\"ReadAction\",\"target\":[\"https:\/\/declix.io\/blog\/ueber-uns-kundenerlebnis\"]}]},{\"@type\":\"ImageObject\",\"inLanguage\":\"en-GB\",\"@id\":\"https:\/\/declix.io\/blog\/ueber-uns-kundenerlebnis#primaryimage\",\"url\":\"https:\/\/declix.io\/blog\/wp-content\/uploads\/2020\/06\/helpdesk_fr_light.jpg\",\"contentUrl\":\"https:\/\/declix.io\/blog\/wp-content\/uploads\/2020\/06\/helpdesk_fr_light.jpg\",\"width\":1766,\"height\":1179,\"caption\":\"Corporate identity mock up on a wooden desktop with laptop, tablet and smartphone\"},{\"@type\":\"BreadcrumbList\",\"@id\":\"https:\/\/declix.io\/blog\/ueber-uns-kundenerlebnis#breadcrumb\",\"itemListElement\":[{\"@type\":\"ListItem\",\"position\":1,\"name\":\"Portada\",\"item\":\"https:\/\/declix.io\/blog\/en\/\"},{\"@type\":\"ListItem\",\"position\":2,\"name\":\"\u00dcber uns\"}]},{\"@type\":\"WebSite\",\"@id\":\"https:\/\/declix.io\/blog\/#website\",\"url\":\"https:\/\/declix.io\/blog\/\",\"name\":\"Declix\",\"description\":\"Live Support, Customer service &amp; Online Assistant\",\"publisher\":{\"@id\":\"https:\/\/declix.io\/blog\/#organization\"},\"potentialAction\":[{\"@type\":\"SearchAction\",\"target\":{\"@type\":\"EntryPoint\",\"urlTemplate\":\"https:\/\/declix.io\/blog\/?s={search_term_string}\"},\"query-input\":{\"@type\":\"PropertyValueSpecification\",\"valueRequired\":true,\"valueName\":\"search_term_string\"}}],\"inLanguage\":\"en-GB\"},{\"@type\":\"Organization\",\"@id\":\"https:\/\/declix.io\/blog\/#organization\",\"name\":\"Declix\",\"url\":\"https:\/\/declix.io\/blog\/\",\"logo\":{\"@type\":\"ImageObject\",\"inLanguage\":\"en-GB\",\"@id\":\"https:\/\/declix.io\/blog\/#\/schema\/logo\/image\/\",\"url\":\"https:\/\/declix.io\/blog\/wp-content\/uploads\/2021\/01\/DeClix-Horizontal-1.png\",\"contentUrl\":\"https:\/\/declix.io\/blog\/wp-content\/uploads\/2021\/01\/DeClix-Horizontal-1.png\",\"width\":1081,\"height\":283,\"caption\":\"Declix\"},\"image\":{\"@id\":\"https:\/\/declix.io\/blog\/#\/schema\/logo\/image\/\"},\"sameAs\":[\"https:\/\/www.facebook.com\/Declix.ch\/\",\"https:\/\/x.com\/declix_CH\",\"https:\/\/www.instagram.com\/declix_ch\/\",\"https:\/\/www.linkedin.com\/company\/declix7\/\",\"https:\/\/www.pinterest.ch\/Declix_CH\",\"https:\/\/www.youtube.com\/channel\/UCh-eD053S-x2XbHAYJsywuQ\"]}]}<\/script>\n<!-- \/ Yoast SEO plugin. -->","yoast_head_json":{"title":"\u00dcber uns | Optimiertes Kundenerlebnis | Declix .io","description":"Declix ist die schnellste und authentischste L\u00f6sung f\u00fcr die Kommunikation mit Besuchern seiner Website, um das Kundenerlebnis zu verbessern.","robots":{"index":"index","follow":"follow","max-snippet":"max-snippet:-1","max-image-preview":"max-image-preview:large","max-video-preview":"max-video-preview:-1"},"canonical":"https:\/\/declix.io\/blog\/ueber-uns-kundenerlebnis","og_locale":"en_GB","og_type":"article","og_title":"\u00dcber uns | Optimiertes Kundenerlebnis | Declix .io","og_description":"Declix ist die schnellste und authentischste L\u00f6sung f\u00fcr die Kommunikation mit Besuchern seiner Website, um das Kundenerlebnis zu verbessern.","og_url":"https:\/\/declix.io\/blog\/ueber-uns-kundenerlebnis","og_site_name":"Declix","article_publisher":"https:\/\/www.facebook.com\/Declix.ch\/","og_image":[{"width":1766,"height":1179,"url":"https:\/\/declix.io\/blog\/wp-content\/uploads\/2020\/06\/helpdesk_fr_light.jpg","type":"image\/jpeg"}],"twitter_card":"summary_large_image","twitter_site":"@declix_CH","twitter_misc":{"Estimated reading time":"2 minutes"},"schema":{"@context":"https:\/\/schema.org","@graph":[{"@type":"WebPage","@id":"https:\/\/declix.io\/blog\/ueber-uns-kundenerlebnis","url":"https:\/\/declix.io\/blog\/ueber-uns-kundenerlebnis","name":"\u00dcber uns | Optimiertes Kundenerlebnis | Declix .io","isPartOf":{"@id":"https:\/\/declix.io\/blog\/#website"},"primaryImageOfPage":{"@id":"https:\/\/declix.io\/blog\/ueber-uns-kundenerlebnis#primaryimage"},"image":{"@id":"https:\/\/declix.io\/blog\/ueber-uns-kundenerlebnis#primaryimage"},"thumbnailUrl":"https:\/\/declix.io\/blog\/wp-content\/uploads\/2020\/06\/helpdesk_fr_light.jpg","datePublished":"2021-01-19T12:35:04+00:00","description":"Declix ist die schnellste und authentischste L\u00f6sung f\u00fcr die Kommunikation mit Besuchern seiner Website, um das Kundenerlebnis zu verbessern.","breadcrumb":{"@id":"https:\/\/declix.io\/blog\/ueber-uns-kundenerlebnis#breadcrumb"},"inLanguage":"en-GB","potentialAction":[{"@type":"ReadAction","target":["https:\/\/declix.io\/blog\/ueber-uns-kundenerlebnis"]}]},{"@type":"ImageObject","inLanguage":"en-GB","@id":"https:\/\/declix.io\/blog\/ueber-uns-kundenerlebnis#primaryimage","url":"https:\/\/declix.io\/blog\/wp-content\/uploads\/2020\/06\/helpdesk_fr_light.jpg","contentUrl":"https:\/\/declix.io\/blog\/wp-content\/uploads\/2020\/06\/helpdesk_fr_light.jpg","width":1766,"height":1179,"caption":"Corporate identity mock up on a wooden desktop with laptop, tablet and smartphone"},{"@type":"BreadcrumbList","@id":"https:\/\/declix.io\/blog\/ueber-uns-kundenerlebnis#breadcrumb","itemListElement":[{"@type":"ListItem","position":1,"name":"Portada","item":"https:\/\/declix.io\/blog\/en\/"},{"@type":"ListItem","position":2,"name":"\u00dcber uns"}]},{"@type":"WebSite","@id":"https:\/\/declix.io\/blog\/#website","url":"https:\/\/declix.io\/blog\/","name":"Declix","description":"Live Support, Customer service &amp; Online Assistant","publisher":{"@id":"https:\/\/declix.io\/blog\/#organization"},"potentialAction":[{"@type":"SearchAction","target":{"@type":"EntryPoint","urlTemplate":"https:\/\/declix.io\/blog\/?s={search_term_string}"},"query-input":{"@type":"PropertyValueSpecification","valueRequired":true,"valueName":"search_term_string"}}],"inLanguage":"en-GB"},{"@type":"Organization","@id":"https:\/\/declix.io\/blog\/#organization","name":"Declix","url":"https:\/\/declix.io\/blog\/","logo":{"@type":"ImageObject","inLanguage":"en-GB","@id":"https:\/\/declix.io\/blog\/#\/schema\/logo\/image\/","url":"https:\/\/declix.io\/blog\/wp-content\/uploads\/2021\/01\/DeClix-Horizontal-1.png","contentUrl":"https:\/\/declix.io\/blog\/wp-content\/uploads\/2021\/01\/DeClix-Horizontal-1.png","width":1081,"height":283,"caption":"Declix"},"image":{"@id":"https:\/\/declix.io\/blog\/#\/schema\/logo\/image\/"},"sameAs":["https:\/\/www.facebook.com\/Declix.ch\/","https:\/\/x.com\/declix_CH","https:\/\/www.instagram.com\/declix_ch\/","https:\/\/www.linkedin.com\/company\/declix7\/","https:\/\/www.pinterest.ch\/Declix_CH","https:\/\/www.youtube.com\/channel\/UCh-eD053S-x2XbHAYJsywuQ"]}]}},"_links":{"self":[{"href":"https:\/\/declix.io\/blog\/wp-json\/wp\/v2\/pages\/1601","targetHints":{"allow":["GET"]}}],"collection":[{"href":"https:\/\/declix.io\/blog\/wp-json\/wp\/v2\/pages"}],"about":[{"href":"https:\/\/declix.io\/blog\/wp-json\/wp\/v2\/types\/page"}],"author":[{"embeddable":true,"href":"https:\/\/declix.io\/blog\/wp-json\/wp\/v2\/users\/3"}],"replies":[{"embeddable":true,"href":"https:\/\/declix.io\/blog\/wp-json\/wp\/v2\/comments?post=1601"}],"version-history":[{"count":3,"href":"https:\/\/declix.io\/blog\/wp-json\/wp\/v2\/pages\/1601\/revisions"}],"predecessor-version":[{"id":1604,"href":"https:\/\/declix.io\/blog\/wp-json\/wp\/v2\/pages\/1601\/revisions\/1604"}],"wp:featuredmedia":[{"embeddable":true,"href":"https:\/\/declix.io\/blog\/wp-json\/wp\/v2\/media\/971"}],"wp:attachment":[{"href":"https:\/\/declix.io\/blog\/wp-json\/wp\/v2\/media?parent=1601"}],"curies":[{"name":"wp","href":"https:\/\/api.w.org\/{rel}","templated":true}]}}