{"id":570,"date":"2020-05-25T10:56:57","date_gmt":"2020-05-25T10:56:57","guid":{"rendered":"https:\/\/blog.fixilver.com\/?page_id=570"},"modified":"2021-01-22T08:08:50","modified_gmt":"2021-01-22T08:08:50","slug":"experience-client","status":"publish","type":"page","link":"https:\/\/declix.io\/blog\/experience-client","title":{"rendered":"\u00c0 notre propos"},"content":{"rendered":"<div class=\"page-contents\">\n<div class=\"limited-height-content\">\n<h2>Le Produit<\/h2>\n<p>Declix est n\u00e9 de la fracture \u00a0num\u00e9rique. Nous souhaitons que tout le monde soit num\u00e9riquement ind\u00e9pendant.<\/p>\n<p>Nous croyons que chaque entreprise qui a un site internet doit pouvoir communiquer avec ses clients. Declix \u00a0permet de rapidement aider votre client l\u00e0 o\u00f9 il en a besoin et de vous \u00e9conomiser du temps tout en facilitant la vente.<\/p>\n<p>C&#8217;est ainsi que nous avons d\u00e9velopp\u00e9 Declix. Une application en ligne d&#8217;exp\u00e9rience client. Declix permet aux visiteurs de votre site de contacter, en temps r\u00e9el, un assistant \u00e0 travers le chat, vid\u00e9o et partage d&#8217;\u00e9cran.<\/p>\n<p>Notre objectif est de r\u00e9volutionner la communication en ligne. L&#8217;exp\u00e9rience client doit \u00eatre intrins\u00e8que \u00e0 chaque site internet. Nous souhaitons transformer un apr\u00e8s-vente r\u00e9actif en un service client proactif.<\/p>\n<p>Nous vous encourageons vivement \u00e0 tester gratuitement notre plateforme en cliquant <a href=\"https:\/\/www.declix.io\/get_support.php\">ici<\/a>.<\/p>\n<p>D\u00e9couvrez notre <a href=\"https:\/\/declix.io\/blog\/fr\/\">Blog<\/a> ainsi que nos nombreux articles pour mieux comprendre les mod\u00e8les de comportement en ligne.<\/p>\n<h3><span style=\"color: #78be1f;\">L&#8217;\u00e9quipe Declix<\/span><\/h3>\n<p><span style=\"color: #78be1f;\"><img decoding=\"async\" class=\"alignnone wp-image-956 size-thumbnail\" title=\"Lorraine Martin-Du Pan\" src=\"https:\/\/blog.fixilver.com\/wp-content\/uploads\/2020\/06\/Lol-148x150.png\" alt=\"Lorraine Martin-Du Pan\" width=\"148\" height=\"150\" srcset=\"https:\/\/declix.io\/blog\/wp-content\/uploads\/2020\/06\/Lol-148x150.png 148w, https:\/\/declix.io\/blog\/wp-content\/uploads\/2020\/06\/Lol-18x18.png 18w\" sizes=\"(max-width: 148px) 100vw, 148px\" \/><\/span><\/p>\n<p><strong><span style=\"color: #78be1f;\">Lorraine Martin-Du Pan<\/span><\/strong>, <strong>CEO<\/strong> est une entrepreneur passionn\u00e9e de technologie et communication. Apr\u00e8s 10 dans les media \u00e0 l\u2019Eurovison et la RTS, elle cr\u00e9e Boutique Film, une soci\u00e9t\u00e9 alpine de media num\u00e9rique. Polyvalente, polyglotte, diligente, elle g\u00e8re tous les aspects de la soci\u00e9t\u00e9: la relation avec les stations, les clients et la technologie. Lorraine a constuit la soci\u00e9t\u00e9 avec un support financier minimal tout en \u00e9levant 3 enfants.<\/p>\n<p>&nbsp;<\/p>\n<p><img decoding=\"async\" class=\"alignnone size-thumbnail wp-image-958\" src=\"https:\/\/blog.fixilver.com\/wp-content\/uploads\/2020\/06\/MP-148x150.png\" alt=\"Martin Palotai\" width=\"148\" height=\"150\" srcset=\"https:\/\/declix.io\/blog\/wp-content\/uploads\/2020\/06\/MP-148x150.png 148w, https:\/\/declix.io\/blog\/wp-content\/uploads\/2020\/06\/MP-18x18.png 18w\" sizes=\"(max-width: 148px) 100vw, 148px\" \/><\/p>\n<p><strong><span style=\"color: #78be1f;\">Martin Palotai<\/span><\/strong>, <strong>COO<\/strong>, Professionnel de la conformit\u00e9 et de la r\u00e9glementation. Avec pr\u00e8s de 15 ans d&#8217;exp\u00e9rience dans les plates-formes de n\u00e9gociation r\u00e9glement\u00e9es de Thomson Reuters et dans le plus grans hedge fund r\u00e9glement\u00e9 de Suisse, Jabre Capital. Martin est \u00e9galement membre du conseil d&#8217;administration et responsable des finances et des op\u00e9rations techniques pour Boutique Film SARL et Declix.<\/p>\n<p><img decoding=\"async\" class=\"alignnone size-thumbnail wp-image-959\" src=\"https:\/\/blog.fixilver.com\/wp-content\/uploads\/2020\/06\/ed-150x150.png\" alt=\"Edward Martin-Du Pan\" width=\"150\" height=\"150\" srcset=\"https:\/\/declix.io\/blog\/wp-content\/uploads\/2020\/06\/ed-150x150.png 150w, https:\/\/declix.io\/blog\/wp-content\/uploads\/2020\/06\/ed-18x18.png 18w\" sizes=\"(max-width: 150px) 100vw, 150px\" \/><\/p>\n<p><strong><span style=\"color: #78be1f;\">Edward Martin-Du Pan<\/span><\/strong>, <strong>Conseiller juridique<\/strong>, a termin\u00e9 ses \u00e9tudes de droit en 2005. Il a \u00e9t\u00e9 admis au barreau de Gen\u00e8ve en tant qu&#8217;avocat qualifi\u00e9 en 2007. Edward a \u00e9t\u00e9 nomm\u00e9 associ\u00e9 au cabinet d&#8217;avocats Bruderlein Berthoud Martin-Du Pan &amp; Dubois Ferri\u00e8re en 2012.<\/p>\n<\/div>\n<\/div>\n","protected":false},"excerpt":{"rendered":"<p>Le Produit Declix est n\u00e9 de la fracture \u00a0num\u00e9rique. Nous souhaitons que tout le monde soit num\u00e9riquement ind\u00e9pendant. Nous croyons que chaque entreprise qui a un site internet doit pouvoir communiquer avec ses clients. Declix \u00a0permet de rapidement aider votre client l\u00e0 o\u00f9 il en a besoin et de vous \u00e9conomiser du temps tout en facilitant la vente. C&#8217;est ainsi que nous avons d\u00e9velopp\u00e9 Declix. Une application en ligne d&#8217;exp\u00e9rience client. Declix permet aux visiteurs de votre site de contacter, en temps r\u00e9el, un assistant \u00e0 travers le chat, vid\u00e9o et partage d&#8217;\u00e9cran. Notre objectif est de r\u00e9volutionner la communication [&hellip;]<\/p>\n","protected":false},"author":3,"featured_media":971,"parent":0,"menu_order":0,"comment_status":"closed","ping_status":"closed","template":"","meta":{"footnotes":""},"class_list":["post-570","page","type-page","status-publish","has-post-thumbnail","hentry"],"yoast_head":"<!-- This site is optimized with the Yoast SEO plugin v27.1.1 - https:\/\/yoast.com\/product\/yoast-seo-wordpress\/ -->\n<title>\u00c0 notre propos | L&#039;exp\u00e9rience client optimis\u00e9e | Declix .io<\/title>\n<meta name=\"description\" content=\"Declix est la solution la plus rapide et authentique de communiquer avec les visiteurs de son site afin d&#039; am\u00e9liorer l&#039;exp\u00e9rience client.\" \/>\n<meta name=\"robots\" content=\"index, follow, max-snippet:-1, max-image-preview:large, max-video-preview:-1\" \/>\n<link rel=\"canonical\" href=\"https:\/\/declix.io\/blog\/experience-client\" \/>\n<meta property=\"og:locale\" content=\"en_GB\" \/>\n<meta property=\"og:type\" content=\"article\" \/>\n<meta property=\"og:title\" content=\"\u00c0 notre propos | L&#039;exp\u00e9rience client optimis\u00e9e | Declix .io\" \/>\n<meta property=\"og:description\" content=\"Declix est la solution la plus rapide et authentique de communiquer avec les visiteurs de son site afin d&#039; am\u00e9liorer l&#039;exp\u00e9rience client.\" \/>\n<meta property=\"og:url\" content=\"https:\/\/declix.io\/blog\/experience-client\" \/>\n<meta property=\"og:site_name\" content=\"Declix\" \/>\n<meta property=\"article:publisher\" content=\"https:\/\/www.facebook.com\/Declix.ch\/\" \/>\n<meta property=\"article:modified_time\" content=\"2021-01-22T08:08:50+00:00\" \/>\n<meta property=\"og:image\" content=\"https:\/\/declix.io\/blog\/wp-content\/uploads\/2020\/06\/helpdesk_fr_light.jpg\" \/>\n\t<meta property=\"og:image:width\" content=\"1766\" \/>\n\t<meta property=\"og:image:height\" content=\"1179\" \/>\n\t<meta property=\"og:image:type\" content=\"image\/jpeg\" \/>\n<meta name=\"twitter:card\" content=\"summary_large_image\" \/>\n<meta name=\"twitter:site\" content=\"@declix_CH\" \/>\n<meta name=\"twitter:label1\" content=\"Estimated reading time\" \/>\n\t<meta name=\"twitter:data1\" content=\"3 minutes\" \/>\n<script type=\"application\/ld+json\" class=\"yoast-schema-graph\">{\"@context\":\"https:\/\/schema.org\",\"@graph\":[{\"@type\":\"WebPage\",\"@id\":\"https:\/\/declix.io\/blog\/experience-client\",\"url\":\"https:\/\/declix.io\/blog\/experience-client\",\"name\":\"\u00c0 notre propos | L'exp\u00e9rience client optimis\u00e9e | Declix .io\",\"isPartOf\":{\"@id\":\"https:\/\/declix.io\/blog\/#website\"},\"primaryImageOfPage\":{\"@id\":\"https:\/\/declix.io\/blog\/experience-client#primaryimage\"},\"image\":{\"@id\":\"https:\/\/declix.io\/blog\/experience-client#primaryimage\"},\"thumbnailUrl\":\"https:\/\/declix.io\/blog\/wp-content\/uploads\/2020\/06\/helpdesk_fr_light.jpg\",\"datePublished\":\"2020-05-25T10:56:57+00:00\",\"dateModified\":\"2021-01-22T08:08:50+00:00\",\"description\":\"Declix est la solution la plus rapide et authentique de communiquer avec les visiteurs de son site afin d' am\u00e9liorer l'exp\u00e9rience client.\",\"breadcrumb\":{\"@id\":\"https:\/\/declix.io\/blog\/experience-client#breadcrumb\"},\"inLanguage\":\"en-GB\",\"potentialAction\":[{\"@type\":\"ReadAction\",\"target\":[\"https:\/\/declix.io\/blog\/experience-client\"]}]},{\"@type\":\"ImageObject\",\"inLanguage\":\"en-GB\",\"@id\":\"https:\/\/declix.io\/blog\/experience-client#primaryimage\",\"url\":\"https:\/\/declix.io\/blog\/wp-content\/uploads\/2020\/06\/helpdesk_fr_light.jpg\",\"contentUrl\":\"https:\/\/declix.io\/blog\/wp-content\/uploads\/2020\/06\/helpdesk_fr_light.jpg\",\"width\":1766,\"height\":1179,\"caption\":\"Corporate identity mock up on a wooden desktop with laptop, tablet and smartphone\"},{\"@type\":\"BreadcrumbList\",\"@id\":\"https:\/\/declix.io\/blog\/experience-client#breadcrumb\",\"itemListElement\":[{\"@type\":\"ListItem\",\"position\":1,\"name\":\"Portada\",\"item\":\"https:\/\/declix.io\/blog\/en\/\"},{\"@type\":\"ListItem\",\"position\":2,\"name\":\"\u00c0 notre propos\"}]},{\"@type\":\"WebSite\",\"@id\":\"https:\/\/declix.io\/blog\/#website\",\"url\":\"https:\/\/declix.io\/blog\/\",\"name\":\"Declix\",\"description\":\"Live Support, Customer service &amp; Online Assistant\",\"publisher\":{\"@id\":\"https:\/\/declix.io\/blog\/#organization\"},\"potentialAction\":[{\"@type\":\"SearchAction\",\"target\":{\"@type\":\"EntryPoint\",\"urlTemplate\":\"https:\/\/declix.io\/blog\/?s={search_term_string}\"},\"query-input\":{\"@type\":\"PropertyValueSpecification\",\"valueRequired\":true,\"valueName\":\"search_term_string\"}}],\"inLanguage\":\"en-GB\"},{\"@type\":\"Organization\",\"@id\":\"https:\/\/declix.io\/blog\/#organization\",\"name\":\"Declix\",\"url\":\"https:\/\/declix.io\/blog\/\",\"logo\":{\"@type\":\"ImageObject\",\"inLanguage\":\"en-GB\",\"@id\":\"https:\/\/declix.io\/blog\/#\/schema\/logo\/image\/\",\"url\":\"https:\/\/declix.io\/blog\/wp-content\/uploads\/2021\/01\/DeClix-Horizontal-1.png\",\"contentUrl\":\"https:\/\/declix.io\/blog\/wp-content\/uploads\/2021\/01\/DeClix-Horizontal-1.png\",\"width\":1081,\"height\":283,\"caption\":\"Declix\"},\"image\":{\"@id\":\"https:\/\/declix.io\/blog\/#\/schema\/logo\/image\/\"},\"sameAs\":[\"https:\/\/www.facebook.com\/Declix.ch\/\",\"https:\/\/x.com\/declix_CH\",\"https:\/\/www.instagram.com\/declix_ch\/\",\"https:\/\/www.linkedin.com\/company\/declix7\/\",\"https:\/\/www.pinterest.ch\/Declix_CH\",\"https:\/\/www.youtube.com\/channel\/UCh-eD053S-x2XbHAYJsywuQ\"]}]}<\/script>\n<!-- \/ Yoast SEO plugin. -->","yoast_head_json":{"title":"\u00c0 notre propos | L'exp\u00e9rience client optimis\u00e9e | Declix .io","description":"Declix est la solution la plus rapide et authentique de communiquer avec les visiteurs de son site afin d' am\u00e9liorer l'exp\u00e9rience client.","robots":{"index":"index","follow":"follow","max-snippet":"max-snippet:-1","max-image-preview":"max-image-preview:large","max-video-preview":"max-video-preview:-1"},"canonical":"https:\/\/declix.io\/blog\/experience-client","og_locale":"en_GB","og_type":"article","og_title":"\u00c0 notre propos | L'exp\u00e9rience client optimis\u00e9e | Declix .io","og_description":"Declix est la solution la plus rapide et authentique de communiquer avec les visiteurs de son site afin d' am\u00e9liorer l'exp\u00e9rience client.","og_url":"https:\/\/declix.io\/blog\/experience-client","og_site_name":"Declix","article_publisher":"https:\/\/www.facebook.com\/Declix.ch\/","article_modified_time":"2021-01-22T08:08:50+00:00","og_image":[{"width":1766,"height":1179,"url":"https:\/\/declix.io\/blog\/wp-content\/uploads\/2020\/06\/helpdesk_fr_light.jpg","type":"image\/jpeg"}],"twitter_card":"summary_large_image","twitter_site":"@declix_CH","twitter_misc":{"Estimated reading time":"3 minutes"},"schema":{"@context":"https:\/\/schema.org","@graph":[{"@type":"WebPage","@id":"https:\/\/declix.io\/blog\/experience-client","url":"https:\/\/declix.io\/blog\/experience-client","name":"\u00c0 notre propos | L'exp\u00e9rience client optimis\u00e9e | Declix .io","isPartOf":{"@id":"https:\/\/declix.io\/blog\/#website"},"primaryImageOfPage":{"@id":"https:\/\/declix.io\/blog\/experience-client#primaryimage"},"image":{"@id":"https:\/\/declix.io\/blog\/experience-client#primaryimage"},"thumbnailUrl":"https:\/\/declix.io\/blog\/wp-content\/uploads\/2020\/06\/helpdesk_fr_light.jpg","datePublished":"2020-05-25T10:56:57+00:00","dateModified":"2021-01-22T08:08:50+00:00","description":"Declix est la solution la plus rapide et authentique de communiquer avec les visiteurs de son site afin d' am\u00e9liorer l'exp\u00e9rience client.","breadcrumb":{"@id":"https:\/\/declix.io\/blog\/experience-client#breadcrumb"},"inLanguage":"en-GB","potentialAction":[{"@type":"ReadAction","target":["https:\/\/declix.io\/blog\/experience-client"]}]},{"@type":"ImageObject","inLanguage":"en-GB","@id":"https:\/\/declix.io\/blog\/experience-client#primaryimage","url":"https:\/\/declix.io\/blog\/wp-content\/uploads\/2020\/06\/helpdesk_fr_light.jpg","contentUrl":"https:\/\/declix.io\/blog\/wp-content\/uploads\/2020\/06\/helpdesk_fr_light.jpg","width":1766,"height":1179,"caption":"Corporate identity mock up on a wooden desktop with laptop, tablet and smartphone"},{"@type":"BreadcrumbList","@id":"https:\/\/declix.io\/blog\/experience-client#breadcrumb","itemListElement":[{"@type":"ListItem","position":1,"name":"Portada","item":"https:\/\/declix.io\/blog\/en\/"},{"@type":"ListItem","position":2,"name":"\u00c0 notre propos"}]},{"@type":"WebSite","@id":"https:\/\/declix.io\/blog\/#website","url":"https:\/\/declix.io\/blog\/","name":"Declix","description":"Live Support, Customer service &amp; Online Assistant","publisher":{"@id":"https:\/\/declix.io\/blog\/#organization"},"potentialAction":[{"@type":"SearchAction","target":{"@type":"EntryPoint","urlTemplate":"https:\/\/declix.io\/blog\/?s={search_term_string}"},"query-input":{"@type":"PropertyValueSpecification","valueRequired":true,"valueName":"search_term_string"}}],"inLanguage":"en-GB"},{"@type":"Organization","@id":"https:\/\/declix.io\/blog\/#organization","name":"Declix","url":"https:\/\/declix.io\/blog\/","logo":{"@type":"ImageObject","inLanguage":"en-GB","@id":"https:\/\/declix.io\/blog\/#\/schema\/logo\/image\/","url":"https:\/\/declix.io\/blog\/wp-content\/uploads\/2021\/01\/DeClix-Horizontal-1.png","contentUrl":"https:\/\/declix.io\/blog\/wp-content\/uploads\/2021\/01\/DeClix-Horizontal-1.png","width":1081,"height":283,"caption":"Declix"},"image":{"@id":"https:\/\/declix.io\/blog\/#\/schema\/logo\/image\/"},"sameAs":["https:\/\/www.facebook.com\/Declix.ch\/","https:\/\/x.com\/declix_CH","https:\/\/www.instagram.com\/declix_ch\/","https:\/\/www.linkedin.com\/company\/declix7\/","https:\/\/www.pinterest.ch\/Declix_CH","https:\/\/www.youtube.com\/channel\/UCh-eD053S-x2XbHAYJsywuQ"]}]}},"_links":{"self":[{"href":"https:\/\/declix.io\/blog\/wp-json\/wp\/v2\/pages\/570","targetHints":{"allow":["GET"]}}],"collection":[{"href":"https:\/\/declix.io\/blog\/wp-json\/wp\/v2\/pages"}],"about":[{"href":"https:\/\/declix.io\/blog\/wp-json\/wp\/v2\/types\/page"}],"author":[{"embeddable":true,"href":"https:\/\/declix.io\/blog\/wp-json\/wp\/v2\/users\/3"}],"replies":[{"embeddable":true,"href":"https:\/\/declix.io\/blog\/wp-json\/wp\/v2\/comments?post=570"}],"version-history":[{"count":15,"href":"https:\/\/declix.io\/blog\/wp-json\/wp\/v2\/pages\/570\/revisions"}],"predecessor-version":[{"id":1644,"href":"https:\/\/declix.io\/blog\/wp-json\/wp\/v2\/pages\/570\/revisions\/1644"}],"wp:featuredmedia":[{"embeddable":true,"href":"https:\/\/declix.io\/blog\/wp-json\/wp\/v2\/media\/971"}],"wp:attachment":[{"href":"https:\/\/declix.io\/blog\/wp-json\/wp\/v2\/media?parent=570"}],"curies":[{"name":"wp","href":"https:\/\/api.w.org\/{rel}","templated":true}]}}